{"id":219,"date":"2025-05-16T11:37:22","date_gmt":"2025-05-16T09:37:22","guid":{"rendered":"http:\/\/wilcoxlife2.desarrollowebda.com\/?page_id=219"},"modified":"2025-11-07T10:21:28","modified_gmt":"2025-11-07T09:21:28","slug":"news","status":"publish","type":"page","link":"https:\/\/wilcoxlife.com\/en\/news\/","title":{"rendered":"News"},"content":{"rendered":"<div data-elementor-type=\"wp-page\" data-elementor-id=\"219\" class=\"elementor elementor-219\" data-elementor-post-type=\"page\">\n\t\t\t\t<div class=\"elementor-element elementor-element-164f09f e-flex e-con-boxed e-con e-parent\" data-id=\"164f09f\" data-element_type=\"container\" data-e-type=\"container\">\n\t\t\t\t\t<div class=\"e-con-inner\">\n\t\t\t\t<div class=\"elementor-element elementor-element-4e7b719a elementor-widget elementor-widget-image\" data-id=\"4e7b719a\" data-element_type=\"widget\" data-e-type=\"widget\" data-widget_type=\"image.default\">\n\t\t\t\t<div class=\"elementor-widget-container\">\n\t\t\t\t\t\t\t\t\t\t\t\t\t\t\t<img fetchpriority=\"high\" decoding=\"async\" width=\"300\" height=\"169\" src=\"https:\/\/wilcoxlife.com\/wp-content\/uploads\/2025\/06\/Logo_Wilcox01-300x169.png\" class=\"attachment-medium size-medium wp-image-1207\" alt=\"Logo corporativo wilcox residencial\" srcset=\"https:\/\/wilcoxlife.com\/wp-content\/uploads\/2025\/06\/Logo_Wilcox01-300x169.png 300w, https:\/\/wilcoxlife.com\/wp-content\/uploads\/2025\/06\/Logo_Wilcox01-1024x577.png 1024w, https:\/\/wilcoxlife.com\/wp-content\/uploads\/2025\/06\/Logo_Wilcox01-768x433.png 768w, https:\/\/wilcoxlife.com\/wp-content\/uploads\/2025\/06\/Logo_Wilcox01-18x10.png 18w, https:\/\/wilcoxlife.com\/wp-content\/uploads\/2025\/06\/Logo_Wilcox01.png 1436w\" sizes=\"(max-width: 300px) 100vw, 300px\" \/>\t\t\t\t\t\t\t\t\t\t\t\t\t\t\t<\/div>\n\t\t\t\t<\/div>\n\t\t\t\t\t<\/div>\n\t\t\t\t<\/div>\n\t\t\t\t<section class=\"elementor-section elementor-top-section elementor-element elementor-element-2f512d74 elementor-section-height-min-height elementor-section-boxed elementor-section-height-default elementor-section-items-middle\" data-id=\"2f512d74\" data-element_type=\"section\" data-e-type=\"section\" data-settings=\"{&quot;background_background&quot;:&quot;classic&quot;}\">\n\t\t\t\t\t\t\t<div class=\"elementor-background-overlay\"><\/div>\n\t\t\t\t\t\t\t<div class=\"elementor-container elementor-column-gap-default\">\n\t\t\t\t\t<div class=\"elementor-column elementor-col-100 elementor-top-column elementor-element elementor-element-fd08038\" data-id=\"fd08038\" data-element_type=\"column\" data-e-type=\"column\">\n\t\t\t<div class=\"elementor-widget-wrap elementor-element-populated\">\n\t\t\t\t\t\t<div class=\"elementor-element elementor-element-8974df1 elementor-invisible elementor-widget elementor-widget-heading\" data-id=\"8974df1\" data-element_type=\"widget\" data-e-type=\"widget\" data-settings=\"{&quot;_animation&quot;:&quot;fadeInUp&quot;}\" data-widget_type=\"heading.default\">\n\t\t\t\t<div class=\"elementor-widget-container\">\n\t\t\t\t\t<h1 class=\"elementor-heading-title elementor-size-default\">News of interest about Wilcox and its surroundings\n<\/h1>\t\t\t\t<\/div>\n\t\t\t\t<\/div>\n\t\t\t\t\t<\/div>\n\t\t<\/div>\n\t\t\t\t\t<\/div>\n\t\t<\/section>\n\t\t\t\t<section class=\"elementor-section elementor-top-section elementor-element elementor-element-4858676e elementor-section-boxed elementor-section-height-default elementor-section-height-default\" data-id=\"4858676e\" data-element_type=\"section\" data-e-type=\"section\">\n\t\t\t\t\t\t<div class=\"elementor-container elementor-column-gap-default\">\n\t\t\t\t\t<div class=\"elementor-column elementor-col-100 elementor-top-column elementor-element elementor-element-2a1c98d6\" data-id=\"2a1c98d6\" data-element_type=\"column\" data-e-type=\"column\">\n\t\t\t<div class=\"elementor-widget-wrap elementor-element-populated\">\n\t\t\t\t\t\t<div class=\"elementor-element elementor-element-7ab288f elementor-grid-3 elementor-grid-tablet-2 elementor-grid-mobile-1 elementor-posts--thumbnail-top elementor-widget elementor-widget-posts\" data-id=\"7ab288f\" data-element_type=\"widget\" data-e-type=\"widget\" data-settings=\"{&quot;pagination_type&quot;:&quot;numbers_and_prev_next&quot;,&quot;classic_columns&quot;:&quot;3&quot;,&quot;classic_columns_tablet&quot;:&quot;2&quot;,&quot;classic_columns_mobile&quot;:&quot;1&quot;,&quot;classic_row_gap&quot;:{&quot;unit&quot;:&quot;px&quot;,&quot;size&quot;:35,&quot;sizes&quot;:[]},&quot;classic_row_gap_tablet&quot;:{&quot;unit&quot;:&quot;px&quot;,&quot;size&quot;:&quot;&quot;,&quot;sizes&quot;:[]},&quot;classic_row_gap_mobile&quot;:{&quot;unit&quot;:&quot;px&quot;,&quot;size&quot;:&quot;&quot;,&quot;sizes&quot;:[]}}\" data-widget_type=\"posts.classic\">\n\t\t\t\t<div class=\"elementor-widget-container\">\n\t\t\t\t\t\t\t<div class=\"elementor-posts-container elementor-posts elementor-posts--skin-classic elementor-grid\" role=\"list\">\n\t\t\t\t<article class=\"elementor-post elementor-grid-item post-228 post type-post status-publish format-standard has-post-thumbnail hentry category-sin-categoria\" role=\"listitem\">\n\t\t\t\t<a class=\"elementor-post__thumbnail__link\" href=\"https:\/\/wilcoxlife.com\/en\/2025\/04\/10\/mercado-de-la-vivienda-de-alcala\/\" tabindex=\"-1\" >\n\t\t\t<div class=\"elementor-post__thumbnail\"><img decoding=\"async\" width=\"2000\" height=\"1804\" src=\"https:\/\/wilcoxlife.com\/wp-content\/uploads\/2025\/05\/20230515-P8-O.jpg\" class=\"attachment-full size-full wp-image-98\" alt=\"Proyecto wilcox residencial en Zaragoza\" srcset=\"https:\/\/wilcoxlife.com\/wp-content\/uploads\/2025\/05\/20230515-P8-O.jpg 2000w, https:\/\/wilcoxlife.com\/wp-content\/uploads\/2025\/05\/20230515-P8-O-300x271.jpg 300w, https:\/\/wilcoxlife.com\/wp-content\/uploads\/2025\/05\/20230515-P8-O-1024x924.jpg 1024w, https:\/\/wilcoxlife.com\/wp-content\/uploads\/2025\/05\/20230515-P8-O-768x693.jpg 768w, https:\/\/wilcoxlife.com\/wp-content\/uploads\/2025\/05\/20230515-P8-O-1536x1385.jpg 1536w\" sizes=\"(max-width: 2000px) 100vw, 2000px\" \/><\/div>\n\t\t<\/a>\n\t\t\t\t<div class=\"elementor-post__text\">\n\t\t\t\t<h2 class=\"elementor-post__title\">\n\t\t\t<a href=\"https:\/\/wilcoxlife.com\/en\/2025\/04\/10\/mercado-de-la-vivienda-de-alcala\/\" >\n\t\t\t\tAlcal\u00e1 housing market\t\t\t<\/a>\n\t\t<\/h2>\n\t\t\t\t<div class=\"elementor-post__meta-data\">\n\t\t\t\t\t<span class=\"elementor-post-date\">\n\t\t\t10 de April de 2025\t\t<\/span>\n\t\t\t\t<\/div>\n\t\t\n\t\t<a class=\"elementor-post__read-more\" href=\"https:\/\/wilcoxlife.com\/en\/2025\/04\/10\/mercado-de-la-vivienda-de-alcala\/\" aria-label=\"Read more about Mercado de la vivienda de Alcal\u00e1\" tabindex=\"-1\" >\n\t\t\tLeer art\u00edculo\u00bb\t\t<\/a>\n\n\t\t\t\t<\/div>\n\t\t\t\t<\/article>\n\t\t\t\t<article class=\"elementor-post elementor-grid-item post-251 post type-post status-publish format-standard has-post-thumbnail hentry category-sin-categoria\" role=\"listitem\">\n\t\t\t\t<a class=\"elementor-post__thumbnail__link\" href=\"https:\/\/wilcoxlife.com\/en\/2024\/11\/30\/mercado-de-la-vivienda-de-alcala-2\/\" tabindex=\"-1\" >\n\t\t\t<div class=\"elementor-post__thumbnail\"><img decoding=\"async\" width=\"2560\" height=\"1707\" src=\"https:\/\/wilcoxlife.com\/wp-content\/uploads\/2024\/11\/IMG_5052-scaled-1.jpeg\" class=\"attachment-full size-full wp-image-259\" alt=\"Representante de wilcox residencial en conferencia\" srcset=\"https:\/\/wilcoxlife.com\/wp-content\/uploads\/2024\/11\/IMG_5052-scaled-1.jpeg 2560w, https:\/\/wilcoxlife.com\/wp-content\/uploads\/2024\/11\/IMG_5052-scaled-1-300x200.jpeg 300w, https:\/\/wilcoxlife.com\/wp-content\/uploads\/2024\/11\/IMG_5052-scaled-1-1024x683.jpeg 1024w, https:\/\/wilcoxlife.com\/wp-content\/uploads\/2024\/11\/IMG_5052-scaled-1-768x512.jpeg 768w, https:\/\/wilcoxlife.com\/wp-content\/uploads\/2024\/11\/IMG_5052-scaled-1-1536x1024.jpeg 1536w, https:\/\/wilcoxlife.com\/wp-content\/uploads\/2024\/11\/IMG_5052-scaled-1-2048x1366.jpeg 2048w\" sizes=\"(max-width: 2560px) 100vw, 2560px\" \/><\/div>\n\t\t<\/a>\n\t\t\t\t<div class=\"elementor-post__text\">\n\t\t\t\t<h2 class=\"elementor-post__title\">\n\t\t\t<a href=\"https:\/\/wilcoxlife.com\/en\/2024\/11\/30\/mercado-de-la-vivienda-de-alcala-2\/\" >\n\t\t\t\tMADRID INVESTMENT FORUM 2024\t\t\t<\/a>\n\t\t<\/h2>\n\t\t\t\t<div class=\"elementor-post__meta-data\">\n\t\t\t\t\t<span class=\"elementor-post-date\">\n\t\t\t30 de November de 2024\t\t<\/span>\n\t\t\t\t<\/div>\n\t\t\n\t\t<a class=\"elementor-post__read-more\" href=\"https:\/\/wilcoxlife.com\/en\/2024\/11\/30\/mercado-de-la-vivienda-de-alcala-2\/\" aria-label=\"Read more about MADRID INVESTMENT FORUM 2024\" tabindex=\"-1\" >\n\t\t\tLeer art\u00edculo\u00bb\t\t<\/a>\n\n\t\t\t\t<\/div>\n\t\t\t\t<\/article>\n\t\t\t\t<article class=\"elementor-post elementor-grid-item post-271 post type-post status-publish format-standard has-post-thumbnail hentry category-sin-categoria\" role=\"listitem\">\n\t\t\t\t<a class=\"elementor-post__thumbnail__link\" href=\"https:\/\/wilcoxlife.com\/en\/2024\/11\/30\/hay-empleo-en-madrid-en-el-sector-de-la-construccion\/\" tabindex=\"-1\" >\n\t\t\t<div class=\"elementor-post__thumbnail\"><img loading=\"lazy\" decoding=\"async\" width=\"992\" height=\"596\" src=\"https:\/\/wilcoxlife.com\/wp-content\/uploads\/2024\/11\/Captura-de-Pantalla-2024-11-30-a-las-8.23.05.png\" class=\"attachment-full size-full wp-image-274\" alt=\"Directivo de wilcox alcala de henares en entrevista\" srcset=\"https:\/\/wilcoxlife.com\/wp-content\/uploads\/2024\/11\/Captura-de-Pantalla-2024-11-30-a-las-8.23.05.png 992w, https:\/\/wilcoxlife.com\/wp-content\/uploads\/2024\/11\/Captura-de-Pantalla-2024-11-30-a-las-8.23.05-300x180.png 300w, https:\/\/wilcoxlife.com\/wp-content\/uploads\/2024\/11\/Captura-de-Pantalla-2024-11-30-a-las-8.23.05-768x461.png 768w\" sizes=\"(max-width: 992px) 100vw, 992px\" \/><\/div>\n\t\t<\/a>\n\t\t\t\t<div class=\"elementor-post__text\">\n\t\t\t\t<h2 class=\"elementor-post__title\">\n\t\t\t<a href=\"https:\/\/wilcoxlife.com\/en\/2024\/11\/30\/hay-empleo-en-madrid-en-el-sector-de-la-construccion\/\" >\n\t\t\t\tIs there employment in Madrid... in the Construction sector\t\t\t<\/a>\n\t\t<\/h2>\n\t\t\t\t<div class=\"elementor-post__meta-data\">\n\t\t\t\t\t<span class=\"elementor-post-date\">\n\t\t\t30 de November de 2024\t\t<\/span>\n\t\t\t\t<\/div>\n\t\t\n\t\t<a class=\"elementor-post__read-more\" href=\"https:\/\/wilcoxlife.com\/en\/2024\/11\/30\/hay-empleo-en-madrid-en-el-sector-de-la-construccion\/\" aria-label=\"Read more about Hay empleo en Madrid\u2026 en el sector de la Construcci\u00f3n\" tabindex=\"-1\" >\n\t\t\tLeer art\u00edculo\u00bb\t\t<\/a>\n\n\t\t\t\t<\/div>\n\t\t\t\t<\/article>\n\t\t\t\t<article class=\"elementor-post elementor-grid-item post-282 post type-post status-publish format-standard has-post-thumbnail hentry category-sin-categoria\" role=\"listitem\">\n\t\t\t\t<a class=\"elementor-post__thumbnail__link\" href=\"https:\/\/wilcoxlife.com\/en\/2024\/10\/08\/los-analistas-ya-descuentan-una-bajada-de-tipos-del-bce-en-la-reunion-de-octubre\/\" tabindex=\"-1\" >\n\t\t\t<div class=\"elementor-post__thumbnail\"><img loading=\"lazy\" decoding=\"async\" width=\"747\" height=\"528\" src=\"https:\/\/wilcoxlife.com\/wp-content\/uploads\/2024\/10\/Captura-de-Pantalla-2024-10-08-a-las-8.37.05.png\" class=\"attachment-full size-full wp-image-284\" alt=\"img\" srcset=\"https:\/\/wilcoxlife.com\/wp-content\/uploads\/2024\/10\/Captura-de-Pantalla-2024-10-08-a-las-8.37.05.png 747w, https:\/\/wilcoxlife.com\/wp-content\/uploads\/2024\/10\/Captura-de-Pantalla-2024-10-08-a-las-8.37.05-300x212.png 300w\" sizes=\"(max-width: 747px) 100vw, 747px\" \/><\/div>\n\t\t<\/a>\n\t\t\t\t<div class=\"elementor-post__text\">\n\t\t\t\t<h2 class=\"elementor-post__title\">\n\t\t\t<a href=\"https:\/\/wilcoxlife.com\/en\/2024\/10\/08\/los-analistas-ya-descuentan-una-bajada-de-tipos-del-bce-en-la-reunion-de-octubre\/\" >\n\t\t\t\tAnalysts are already pricing in an ECB rate cut at the October meeting.\t\t\t<\/a>\n\t\t<\/h2>\n\t\t\t\t<div class=\"elementor-post__meta-data\">\n\t\t\t\t\t<span class=\"elementor-post-date\">\n\t\t\t8 de October de 2024\t\t<\/span>\n\t\t\t\t<\/div>\n\t\t\n\t\t<a class=\"elementor-post__read-more\" href=\"https:\/\/wilcoxlife.com\/en\/2024\/10\/08\/los-analistas-ya-descuentan-una-bajada-de-tipos-del-bce-en-la-reunion-de-octubre\/\" aria-label=\"Read more about Los analistas ya descuentan una bajada de tipos del BCE en la reuni\u00f3n de octubre\" tabindex=\"-1\" >\n\t\t\tLeer art\u00edculo\u00bb\t\t<\/a>\n\n\t\t\t\t<\/div>\n\t\t\t\t<\/article>\n\t\t\t\t<article class=\"elementor-post elementor-grid-item post-291 post type-post status-publish format-standard has-post-thumbnail hentry category-sin-categoria\" role=\"listitem\">\n\t\t\t\t<a class=\"elementor-post__thumbnail__link\" href=\"https:\/\/wilcoxlife.com\/en\/2024\/10\/08\/el-mercado-hipotecario-se-reactiva-tras-el-paron-de-2023-segun-el-banco-de-espana\/\" tabindex=\"-1\" >\n\t\t\t<div class=\"elementor-post__thumbnail\"><img loading=\"lazy\" decoding=\"async\" width=\"1200\" height=\"627\" src=\"https:\/\/wilcoxlife.com\/wp-content\/uploads\/2024\/10\/2147694586.jpg\" class=\"attachment-full size-full wp-image-293\" alt=\"Inversi\u00f3n inmobiliaria con wilcox residencial\" srcset=\"https:\/\/wilcoxlife.com\/wp-content\/uploads\/2024\/10\/2147694586.jpg 1200w, https:\/\/wilcoxlife.com\/wp-content\/uploads\/2024\/10\/2147694586-300x157.jpg 300w, https:\/\/wilcoxlife.com\/wp-content\/uploads\/2024\/10\/2147694586-1024x535.jpg 1024w, https:\/\/wilcoxlife.com\/wp-content\/uploads\/2024\/10\/2147694586-768x401.jpg 768w\" sizes=\"(max-width: 1200px) 100vw, 1200px\" \/><\/div>\n\t\t<\/a>\n\t\t\t\t<div class=\"elementor-post__text\">\n\t\t\t\t<h2 class=\"elementor-post__title\">\n\t\t\t<a href=\"https:\/\/wilcoxlife.com\/en\/2024\/10\/08\/el-mercado-hipotecario-se-reactiva-tras-el-paron-de-2023-segun-el-banco-de-espana\/\" >\n\t\t\t\tThe mortgage market reactivates after the 2023 halt, according to the Bank of Spain.\t\t\t<\/a>\n\t\t<\/h2>\n\t\t\t\t<div class=\"elementor-post__meta-data\">\n\t\t\t\t\t<span class=\"elementor-post-date\">\n\t\t\t8 de October de 2024\t\t<\/span>\n\t\t\t\t<\/div>\n\t\t\n\t\t<a class=\"elementor-post__read-more\" href=\"https:\/\/wilcoxlife.com\/en\/2024\/10\/08\/el-mercado-hipotecario-se-reactiva-tras-el-paron-de-2023-segun-el-banco-de-espana\/\" aria-label=\"Read more about El mercado hipotecario se reactiva tras el par\u00f3n de 2023, seg\u00fan el Banco de Espa\u00f1a\" tabindex=\"-1\" >\n\t\t\tLeer art\u00edculo\u00bb\t\t<\/a>\n\n\t\t\t\t<\/div>\n\t\t\t\t<\/article>\n\t\t\t\t<article class=\"elementor-post elementor-grid-item post-297 post type-post status-publish format-standard has-post-thumbnail hentry category-sin-categoria\" role=\"listitem\">\n\t\t\t\t<a class=\"elementor-post__thumbnail__link\" href=\"https:\/\/wilcoxlife.com\/en\/2024\/07\/30\/alcala-de-henares-entre-los-municipios-mas-demandados-de-espana-para-comprar-casa\/\" tabindex=\"-1\" >\n\t\t\t<div class=\"elementor-post__thumbnail\"><img loading=\"lazy\" decoding=\"async\" width=\"836\" height=\"557\" src=\"https:\/\/wilcoxlife.com\/wp-content\/uploads\/2024\/07\/Captura-de-Pantalla-2024-07-30-a-las-10.01.35-1.png\" class=\"attachment-full size-full wp-image-299\" alt=\"Vista a\u00e9rea wilcox alcala de henares\" srcset=\"https:\/\/wilcoxlife.com\/wp-content\/uploads\/2024\/07\/Captura-de-Pantalla-2024-07-30-a-las-10.01.35-1.png 836w, https:\/\/wilcoxlife.com\/wp-content\/uploads\/2024\/07\/Captura-de-Pantalla-2024-07-30-a-las-10.01.35-1-300x200.png 300w, https:\/\/wilcoxlife.com\/wp-content\/uploads\/2024\/07\/Captura-de-Pantalla-2024-07-30-a-las-10.01.35-1-768x512.png 768w\" sizes=\"(max-width: 836px) 100vw, 836px\" \/><\/div>\n\t\t<\/a>\n\t\t\t\t<div class=\"elementor-post__text\">\n\t\t\t\t<h2 class=\"elementor-post__title\">\n\t\t\t<a href=\"https:\/\/wilcoxlife.com\/en\/2024\/07\/30\/alcala-de-henares-entre-los-municipios-mas-demandados-de-espana-para-comprar-casa\/\" >\n\t\t\t\tAlcal\u00e1 de Henares among the most in-demand municipalities in Spain for buying a home.\t\t\t<\/a>\n\t\t<\/h2>\n\t\t\t\t<div class=\"elementor-post__meta-data\">\n\t\t\t\t\t<span class=\"elementor-post-date\">\n\t\t\t30 de July de 2024\t\t<\/span>\n\t\t\t\t<\/div>\n\t\t\n\t\t<a class=\"elementor-post__read-more\" href=\"https:\/\/wilcoxlife.com\/en\/2024\/07\/30\/alcala-de-henares-entre-los-municipios-mas-demandados-de-espana-para-comprar-casa\/\" aria-label=\"Read more about Alcal\u00e1 de Henares entre los municipios m\u00e1s demandados de Espa\u00f1a para comprar casa\" tabindex=\"-1\" >\n\t\t\tLeer art\u00edculo\u00bb\t\t<\/a>\n\n\t\t\t\t<\/div>\n\t\t\t\t<\/article>\n\t\t\t\t<\/div>\n\t\t\n\t\t\t\t<div class=\"e-load-more-anchor\" data-page=\"1\" data-max-page=\"2\" data-next-page=\"https:\/\/wilcoxlife.com\/en\/wp-json\/wp\/v2\/pages\/219\/page\/2\/\"><\/div>\n\t\t\t\t<nav class=\"elementor-pagination\" aria-label=\"Pagination\">\n\t\t\t<span class=\"page-numbers prev\">\u00ab Previous<\/span>\n<span aria-current=\"page\" class=\"page-numbers current\"><span class=\"elementor-screen-only\">Page<\/span>1<\/span>\n<a class=\"page-numbers\" href=\"https:\/\/wilcoxlife.com\/en\/wp-json\/wp\/v2\/pages\/219\/page\/2\/\"><span class=\"elementor-screen-only\">Page<\/span>2<\/a>\n<a class=\"page-numbers next\" href=\"https:\/\/wilcoxlife.com\/en\/wp-json\/wp\/v2\/pages\/219\/page\/2\/\">Next \u00bb<\/a>\t\t<\/nav>\n\t\t\t\t\t\t<\/div>\n\t\t\t\t<\/div>\n\t\t\t\t\t<\/div>\n\t\t<\/div>\n\t\t\t\t\t<\/div>\n\t\t<\/section>\n\t\t\t\t<\/div>","protected":false},"excerpt":{"rendered":"<p>News of interest about Wilcox and its surroundings<\/p>","protected":false},"author":1,"featured_media":0,"parent":0,"menu_order":0,"comment_status":"closed","ping_status":"closed","template":"","meta":{"_monsterinsights_skip_tracking":false,"_monsterinsights_sitenote_active":false,"_monsterinsights_sitenote_note":"","_monsterinsights_sitenote_category":0,"_uf_show_specific_survey":0,"_uf_disable_surveys":false,"footnotes":""},"class_list":["post-219","page","type-page","status-publish","hentry"],"aioseo_notices":[],"yoast_head":"<!-- This site is optimized with the Yoast SEO plugin v27.3 - https:\/\/yoast.com\/product\/yoast-seo-wordpress\/ -->\n<title>News - Wilcoxlife<\/title>\n<meta name=\"description\" content=\"\u00daltimas noticias y promociones del sector inmobiliario para que tomes decisiones acertadas con Wilcox.\" \/>\n<meta name=\"robots\" content=\"index, follow, max-snippet:-1, max-image-preview:large, max-video-preview:-1\" \/>\n<link rel=\"canonical\" href=\"https:\/\/wilcoxlife.com\/en\/news\/\" \/>\n<meta property=\"og:locale\" content=\"en_US\" \/>\n<meta property=\"og:type\" content=\"article\" \/>\n<meta property=\"og:title\" content=\"News - Wilcoxlife\" \/>\n<meta property=\"og:description\" content=\"\u00daltimas noticias y promociones del sector inmobiliario para que tomes decisiones acertadas con Wilcox.\" \/>\n<meta property=\"og:url\" content=\"https:\/\/wilcoxlife.com\/en\/news\/\" \/>\n<meta property=\"og:site_name\" content=\"Wilcoxlife\" \/>\n<meta property=\"article:modified_time\" content=\"2025-11-07T09:21:28+00:00\" \/>\n<meta property=\"og:image\" content=\"https:\/\/wilcoxlife.com\/wp-content\/uploads\/2025\/06\/Logo_Wilcox01-300x169.png\" \/>\n<meta name=\"twitter:card\" content=\"summary_large_image\" \/>\n<meta name=\"twitter:label1\" content=\"Est. reading time\" \/>\n\t<meta name=\"twitter:data1\" content=\"2 minutes\" \/>\n<script type=\"application\/ld+json\" class=\"yoast-schema-graph\">{\"@context\":\"https:\\\/\\\/schema.org\",\"@graph\":[{\"@type\":\"WebPage\",\"@id\":\"https:\\\/\\\/wilcoxlife.com\\\/news\\\/\",\"url\":\"https:\\\/\\\/wilcoxlife.com\\\/news\\\/\",\"name\":\"News - Wilcoxlife\",\"isPartOf\":{\"@id\":\"https:\\\/\\\/wilcoxlife.com\\\/#website\"},\"primaryImageOfPage\":{\"@id\":\"https:\\\/\\\/wilcoxlife.com\\\/news\\\/#primaryimage\"},\"image\":{\"@id\":\"https:\\\/\\\/wilcoxlife.com\\\/news\\\/#primaryimage\"},\"thumbnailUrl\":\"https:\\\/\\\/wilcoxlife.com\\\/wp-content\\\/uploads\\\/2025\\\/06\\\/Logo_Wilcox01-300x169.png\",\"datePublished\":\"2025-05-16T09:37:22+00:00\",\"dateModified\":\"2025-11-07T09:21:28+00:00\",\"description\":\"\u00daltimas noticias y promociones del sector inmobiliario para que tomes decisiones acertadas con Wilcox.\",\"breadcrumb\":{\"@id\":\"https:\\\/\\\/wilcoxlife.com\\\/news\\\/#breadcrumb\"},\"inLanguage\":\"en-US\",\"potentialAction\":[{\"@type\":\"ReadAction\",\"target\":[\"https:\\\/\\\/wilcoxlife.com\\\/news\\\/\"]}]},{\"@type\":\"ImageObject\",\"inLanguage\":\"en-US\",\"@id\":\"https:\\\/\\\/wilcoxlife.com\\\/news\\\/#primaryimage\",\"url\":\"https:\\\/\\\/wilcoxlife.com\\\/wp-content\\\/uploads\\\/2025\\\/06\\\/Logo_Wilcox01-300x169.png\",\"contentUrl\":\"https:\\\/\\\/wilcoxlife.com\\\/wp-content\\\/uploads\\\/2025\\\/06\\\/Logo_Wilcox01-300x169.png\"},{\"@type\":\"BreadcrumbList\",\"@id\":\"https:\\\/\\\/wilcoxlife.com\\\/news\\\/#breadcrumb\",\"itemListElement\":[{\"@type\":\"ListItem\",\"position\":1,\"name\":\"Portada\",\"item\":\"https:\\\/\\\/wilcoxlife.com\\\/\"},{\"@type\":\"ListItem\",\"position\":2,\"name\":\"News\"}]},{\"@type\":\"WebSite\",\"@id\":\"https:\\\/\\\/wilcoxlife.com\\\/#website\",\"url\":\"https:\\\/\\\/wilcoxlife.com\\\/\",\"name\":\"Wilcoxlife\",\"description\":\"\",\"potentialAction\":[{\"@type\":\"SearchAction\",\"target\":{\"@type\":\"EntryPoint\",\"urlTemplate\":\"https:\\\/\\\/wilcoxlife.com\\\/?s={search_term_string}\"},\"query-input\":{\"@type\":\"PropertyValueSpecification\",\"valueRequired\":true,\"valueName\":\"search_term_string\"}}],\"inLanguage\":\"en-US\"}]}<\/script>\n<!-- \/ Yoast SEO plugin. -->","yoast_head_json":{"title":"News - Wilcoxlife","description":"\u00daltimas noticias y promociones del sector inmobiliario para que tomes decisiones acertadas con Wilcox.","robots":{"index":"index","follow":"follow","max-snippet":"max-snippet:-1","max-image-preview":"max-image-preview:large","max-video-preview":"max-video-preview:-1"},"canonical":"https:\/\/wilcoxlife.com\/en\/news\/","og_locale":"en_US","og_type":"article","og_title":"News - Wilcoxlife","og_description":"\u00daltimas noticias y promociones del sector inmobiliario para que tomes decisiones acertadas con Wilcox.","og_url":"https:\/\/wilcoxlife.com\/en\/news\/","og_site_name":"Wilcoxlife","article_modified_time":"2025-11-07T09:21:28+00:00","og_image":[{"url":"https:\/\/wilcoxlife.com\/wp-content\/uploads\/2025\/06\/Logo_Wilcox01-300x169.png","type":"","width":"","height":""}],"twitter_card":"summary_large_image","twitter_misc":{"Est. reading time":"2 minutes"},"schema":{"@context":"https:\/\/schema.org","@graph":[{"@type":"WebPage","@id":"https:\/\/wilcoxlife.com\/news\/","url":"https:\/\/wilcoxlife.com\/news\/","name":"News - Wilcoxlife","isPartOf":{"@id":"https:\/\/wilcoxlife.com\/#website"},"primaryImageOfPage":{"@id":"https:\/\/wilcoxlife.com\/news\/#primaryimage"},"image":{"@id":"https:\/\/wilcoxlife.com\/news\/#primaryimage"},"thumbnailUrl":"https:\/\/wilcoxlife.com\/wp-content\/uploads\/2025\/06\/Logo_Wilcox01-300x169.png","datePublished":"2025-05-16T09:37:22+00:00","dateModified":"2025-11-07T09:21:28+00:00","description":"\u00daltimas noticias y promociones del sector inmobiliario para que tomes decisiones acertadas con Wilcox.","breadcrumb":{"@id":"https:\/\/wilcoxlife.com\/news\/#breadcrumb"},"inLanguage":"en-US","potentialAction":[{"@type":"ReadAction","target":["https:\/\/wilcoxlife.com\/news\/"]}]},{"@type":"ImageObject","inLanguage":"en-US","@id":"https:\/\/wilcoxlife.com\/news\/#primaryimage","url":"https:\/\/wilcoxlife.com\/wp-content\/uploads\/2025\/06\/Logo_Wilcox01-300x169.png","contentUrl":"https:\/\/wilcoxlife.com\/wp-content\/uploads\/2025\/06\/Logo_Wilcox01-300x169.png"},{"@type":"BreadcrumbList","@id":"https:\/\/wilcoxlife.com\/news\/#breadcrumb","itemListElement":[{"@type":"ListItem","position":1,"name":"Portada","item":"https:\/\/wilcoxlife.com\/"},{"@type":"ListItem","position":2,"name":"News"}]},{"@type":"WebSite","@id":"https:\/\/wilcoxlife.com\/#website","url":"https:\/\/wilcoxlife.com\/","name":"Wilcoxlife","description":"","potentialAction":[{"@type":"SearchAction","target":{"@type":"EntryPoint","urlTemplate":"https:\/\/wilcoxlife.com\/?s={search_term_string}"},"query-input":{"@type":"PropertyValueSpecification","valueRequired":true,"valueName":"search_term_string"}}],"inLanguage":"en-US"}]}},"_links":{"self":[{"href":"https:\/\/wilcoxlife.com\/en\/wp-json\/wp\/v2\/pages\/219","targetHints":{"allow":["GET"]}}],"collection":[{"href":"https:\/\/wilcoxlife.com\/en\/wp-json\/wp\/v2\/pages"}],"about":[{"href":"https:\/\/wilcoxlife.com\/en\/wp-json\/wp\/v2\/types\/page"}],"author":[{"embeddable":true,"href":"https:\/\/wilcoxlife.com\/en\/wp-json\/wp\/v2\/users\/1"}],"replies":[{"embeddable":true,"href":"https:\/\/wilcoxlife.com\/en\/wp-json\/wp\/v2\/comments?post=219"}],"version-history":[{"count":64,"href":"https:\/\/wilcoxlife.com\/en\/wp-json\/wp\/v2\/pages\/219\/revisions"}],"predecessor-version":[{"id":1722,"href":"https:\/\/wilcoxlife.com\/en\/wp-json\/wp\/v2\/pages\/219\/revisions\/1722"}],"wp:attachment":[{"href":"https:\/\/wilcoxlife.com\/en\/wp-json\/wp\/v2\/media?parent=219"}],"curies":[{"name":"wp","href":"https:\/\/api.w.org\/{rel}","templated":true}]}}