{"id":503,"date":"2025-05-23T09:12:40","date_gmt":"2025-05-23T07:12:40","guid":{"rendered":"http:\/\/wilcoxlife2.desarrollowebda.com\/?page_id=503"},"modified":"2026-04-08T09:39:11","modified_gmt":"2026-04-08T07:39:11","slug":"aviso-legal","status":"publish","type":"page","link":"https:\/\/wilcoxlife.com\/en\/aviso-legal\/","title":{"rendered":"Legal Notice"},"content":{"rendered":"<div data-elementor-type=\"wp-page\" data-elementor-id=\"503\" class=\"elementor elementor-503\" data-elementor-post-type=\"page\">\n\t\t\t\t\t\t<section class=\"elementor-section elementor-top-section elementor-element elementor-element-55b485fa elementor-section-height-min-height elementor-section-boxed elementor-section-height-default elementor-section-items-middle\" data-id=\"55b485fa\" data-element_type=\"section\" data-e-type=\"section\" data-settings=\"{&quot;background_background&quot;:&quot;classic&quot;}\">\n\t\t\t\t\t\t\t<div class=\"elementor-background-overlay\"><\/div>\n\t\t\t\t\t\t\t<div class=\"elementor-container elementor-column-gap-default\">\n\t\t\t\t\t<div class=\"elementor-column elementor-col-100 elementor-top-column elementor-element elementor-element-46797349\" data-id=\"46797349\" data-element_type=\"column\" data-e-type=\"column\">\n\t\t\t<div class=\"elementor-widget-wrap elementor-element-populated\">\n\t\t\t\t\t\t<div class=\"elementor-element elementor-element-5c23f84a elementor-invisible elementor-widget elementor-widget-heading\" data-id=\"5c23f84a\" data-element_type=\"widget\" data-e-type=\"widget\" data-settings=\"{&quot;_animation&quot;:&quot;fadeInUp&quot;}\" data-widget_type=\"heading.default\">\n\t\t\t\t<div class=\"elementor-widget-container\">\n\t\t\t\t\t<h1 class=\"elementor-heading-title elementor-size-default\">Legal Notice<\/h1>\t\t\t\t<\/div>\n\t\t\t\t<\/div>\n\t\t\t\t\t<\/div>\n\t\t<\/div>\n\t\t\t\t\t<\/div>\n\t\t<\/section>\n\t\t<div class=\"elementor-element elementor-element-7102110 e-flex e-con-boxed e-con e-parent\" data-id=\"7102110\" data-element_type=\"container\" data-e-type=\"container\">\n\t\t\t\t\t<div class=\"e-con-inner\">\n\t\t\t\t<div class=\"elementor-element elementor-element-e5107d9 elementor-widget elementor-widget-text-editor\" data-id=\"e5107d9\" data-element_type=\"widget\" data-e-type=\"widget\" data-widget_type=\"text-editor.default\">\n\t\t\t\t<div class=\"elementor-widget-container\">\n\t\t\t\t\t\t\t\t\t<p>LEGAL NOTICE<\/p><p>In compliance with Law 34\/2002 of July 11, on Information Society Services and Electronic Commerce, and other relevant regulations, please be informed that the entity owning this website, understood as the content within the wilcoxlife.com domain, is the company **Bilbao Patrimonial S.L.**\n\nBilbao Patrimonial S.L. is registered in the Mercantile Registry of Vizcaya, Volume 3778, Folio 170, Section 8, Page BI-24974, with CIF: B28964179.\n\nYou can contact the company at the following address:\n\nCl Puente De Deusto, N\u00ba 7 Piso 1 Pta. 5,\n48014 \u2013 (Bilbao) \u2013 Vizcaya.<\/p><p>The graphic elements, design, source code, and similar components, as well as the texts that make up this website and those disseminated through it, including their presentation and assembly, are the **exclusive property of Bilbao Patrimonial S.L.**, or it holds the exploitation rights through agreements with third parties.<\/p><p>In this regard, these works are protected by the entirety of both Spanish and EU regulations in the field of intellectual property, in accordance with **Royal Legislative Decree 1\/1996, of April 12**, which approves the Revised Text of the Intellectual Property Law, regularizing, clarifying, and harmonizing the legal provisions in force on the matter, and **Law 5\/1998, of March 6**, which incorporates into Spanish Law Directive 96\/9\/CE of the European Parliament and of the Council, of March 11, 1996, on the legal protection of databases, as well as other applicable regulations. International treaties signed in this field are also applicable.<\/p><p>Bilbao Patrimonial S.L. does not grant any license or authorization for the use of its industrial and intellectual property rights, or any other property or right related to its website, unless expressly agreed upon.\n\nUsers may reproduce the content of the website solely for the purpose of making backup copies, storing them, or printing them on paper for private use.\n\nAny reproduction, distribution, transformation, or presentation, whether total or partial, of the website's content or any of its elements, directly or indirectly through telematics networks or similar media, for a commercial purpose directed at the public or for use beyond those mentioned, is prohibited, even if the source is cited, unless there is express written authorization from Bilbao Patrimonial S.L.\n\nFailure to comply with this may allow Bilbao Patrimonial S.L. to take appropriate legal action, and the following actions are especially prohibited:<\/p><p>The extraction and use of elements from the website, whether or not causing any harm to Bilbao Patrimonial S.L., as per **Royal Legislative Decree 1\/1996 of April 12**, which approves the Revised Text of the Intellectual Property Law, and other applicable national and EU regulations.<br \/>The presentation of a page from this website within a frame on another website that does not belong to Bilbao Patrimonial S.L.\u2014using techniques such as \"framing,\" \"deep linking,\" and similar methods\u2014is prohibited without the express written consent of Bilbao Patrimonial S.L.\n\nBilbao Patrimonial S.L. must **expressly authorize** the establishment of hypertext links (hyperlinks) on another website directed to any internal page of this website, provided that the corresponding pages appear in a full window and under the website's own electronic addresses.<br \/>Attempts at cyberattacks in any of their forms.<br \/>The inclusion of an image from this website on a page or in a database not belonging to Bilbao Patrimonial S.L., through a technique called \"in-line linking\" or \"hotlinking,\" is prohibited without the express written authorization of Bilbao Patrimonial S.L.<br \/>Bilbao Patrimonial S.L se reserva igualmente el derecho a emprender las acciones que estime pertinentes adem\u00e1s de en los casos citados si detecta ser objeto de posible abuso de su imagen a trav\u00e9s de dominios \u201ctypo\u201d o \u201cmisspelling domains\u201d y similares.<\/p><p>The rights not expressly granted above are reserved to Bilbao Patrimonial S.L. or, where applicable, to third-party collaborators.<\/p><p>Through this website, you can establish connections or \"links\" to other sites.<\/p><p>Bilbao Patrimonial S.L. is not responsible for the privacy practices of third-party sites. We recommend users be aware of this when they leave our site.<\/p><p>All necessary information, inquiries, or management can also be handled via postal mail, email, and other landline phone numbers provided in the \"contact\" section of the website.<\/p><p>The relationships established through the website between Bilbao Patrimonial S.L. and its users will be governed by current regulations, applicable legislation, and competent jurisdiction.\n\nHowever, in cases where regulations allow parties to choose a jurisdiction, Bilbao Patrimonial S.L. and its users will submit to the **Courts and Tribunals of the city of Vizcaya**, expressly waiving any other jurisdiction that might otherwise apply.<\/p>\t\t\t\t\t\t\t\t<\/div>\n\t\t\t\t<\/div>\n\t\t\t\t\t<\/div>\n\t\t\t\t<\/div>\n\t\t\t\t<\/div>","protected":false},"excerpt":{"rendered":"<p>Aviso Legal AVISO LEGAL En cumplimiento de lo establecido en la Ley 34\/2002, de 11 de julio, de Servicios de la Sociedad de la Informaci\u00f3n y del Comercio Electr\u00f3nico y resto de normativa, se informa que la entidad titular de este sitio, entendi\u00e9ndose por tal el comprendido dentro del dominio wilcoxlife.com, es la empresa Bilbao [&hellip;]<\/p>\n","protected":false},"author":1,"featured_media":0,"parent":0,"menu_order":0,"comment_status":"closed","ping_status":"closed","template":"elementor_header_footer","meta":{"_monsterinsights_skip_tracking":false,"_monsterinsights_sitenote_active":false,"_monsterinsights_sitenote_note":"","_monsterinsights_sitenote_category":0,"_uf_show_specific_survey":0,"_uf_disable_surveys":false,"footnotes":""},"class_list":["post-503","page","type-page","status-publish","hentry"],"aioseo_notices":[],"yoast_head":"<!-- This site is optimized with the Yoast SEO plugin v27.3 - https:\/\/yoast.com\/product\/yoast-seo-wordpress\/ -->\n<title>Aviso Legal - Wilcoxlife<\/title>\n<meta name=\"robots\" content=\"noindex, follow\" \/>\n<meta property=\"og:locale\" content=\"en_US\" \/>\n<meta property=\"og:type\" content=\"article\" \/>\n<meta property=\"og:title\" content=\"Aviso Legal - Wilcoxlife\" \/>\n<meta property=\"og:description\" content=\"Aviso Legal AVISO LEGAL En cumplimiento de lo establecido en la Ley 34\/2002, de 11 de julio, de Servicios de la Sociedad de la Informaci\u00f3n y del Comercio Electr\u00f3nico y resto de normativa, se informa que la entidad titular de este sitio, entendi\u00e9ndose por tal el comprendido dentro del dominio wilcoxlife.com, es la empresa Bilbao [&hellip;]\" \/>\n<meta property=\"og:url\" content=\"https:\/\/wilcoxlife.com\/en\/aviso-legal\/\" \/>\n<meta property=\"og:site_name\" content=\"Wilcoxlife\" \/>\n<meta property=\"article:modified_time\" content=\"2026-04-08T07:39:11+00:00\" \/>\n<meta name=\"twitter:card\" content=\"summary_large_image\" \/>\n<meta name=\"twitter:label1\" content=\"Est. reading time\" \/>\n\t<meta name=\"twitter:data1\" content=\"4 minutes\" \/>\n<script type=\"application\/ld+json\" class=\"yoast-schema-graph\">{\"@context\":\"https:\\\/\\\/schema.org\",\"@graph\":[{\"@type\":\"WebPage\",\"@id\":\"https:\\\/\\\/wilcoxlife.com\\\/aviso-legal\\\/\",\"url\":\"https:\\\/\\\/wilcoxlife.com\\\/aviso-legal\\\/\",\"name\":\"Aviso Legal - Wilcoxlife\",\"isPartOf\":{\"@id\":\"https:\\\/\\\/wilcoxlife.com\\\/#website\"},\"datePublished\":\"2025-05-23T07:12:40+00:00\",\"dateModified\":\"2026-04-08T07:39:11+00:00\",\"breadcrumb\":{\"@id\":\"https:\\\/\\\/wilcoxlife.com\\\/aviso-legal\\\/#breadcrumb\"},\"inLanguage\":\"en-US\",\"potentialAction\":[{\"@type\":\"ReadAction\",\"target\":[\"https:\\\/\\\/wilcoxlife.com\\\/aviso-legal\\\/\"]}]},{\"@type\":\"BreadcrumbList\",\"@id\":\"https:\\\/\\\/wilcoxlife.com\\\/aviso-legal\\\/#breadcrumb\",\"itemListElement\":[{\"@type\":\"ListItem\",\"position\":1,\"name\":\"Portada\",\"item\":\"https:\\\/\\\/wilcoxlife.com\\\/\"},{\"@type\":\"ListItem\",\"position\":2,\"name\":\"Aviso Legal\"}]},{\"@type\":\"WebSite\",\"@id\":\"https:\\\/\\\/wilcoxlife.com\\\/#website\",\"url\":\"https:\\\/\\\/wilcoxlife.com\\\/\",\"name\":\"Wilcoxlife\",\"description\":\"\",\"potentialAction\":[{\"@type\":\"SearchAction\",\"target\":{\"@type\":\"EntryPoint\",\"urlTemplate\":\"https:\\\/\\\/wilcoxlife.com\\\/?s={search_term_string}\"},\"query-input\":{\"@type\":\"PropertyValueSpecification\",\"valueRequired\":true,\"valueName\":\"search_term_string\"}}],\"inLanguage\":\"en-US\"}]}<\/script>\n<!-- \/ Yoast SEO plugin. -->","yoast_head_json":{"title":"Aviso Legal - Wilcoxlife","robots":{"index":"noindex","follow":"follow"},"og_locale":"en_US","og_type":"article","og_title":"Aviso Legal - Wilcoxlife","og_description":"Aviso Legal AVISO LEGAL En cumplimiento de lo establecido en la Ley 34\/2002, de 11 de julio, de Servicios de la Sociedad de la Informaci\u00f3n y del Comercio Electr\u00f3nico y resto de normativa, se informa que la entidad titular de este sitio, entendi\u00e9ndose por tal el comprendido dentro del dominio wilcoxlife.com, es la empresa Bilbao [&hellip;]","og_url":"https:\/\/wilcoxlife.com\/en\/aviso-legal\/","og_site_name":"Wilcoxlife","article_modified_time":"2026-04-08T07:39:11+00:00","twitter_card":"summary_large_image","twitter_misc":{"Est. reading time":"4 minutes"},"schema":{"@context":"https:\/\/schema.org","@graph":[{"@type":"WebPage","@id":"https:\/\/wilcoxlife.com\/aviso-legal\/","url":"https:\/\/wilcoxlife.com\/aviso-legal\/","name":"Aviso Legal - Wilcoxlife","isPartOf":{"@id":"https:\/\/wilcoxlife.com\/#website"},"datePublished":"2025-05-23T07:12:40+00:00","dateModified":"2026-04-08T07:39:11+00:00","breadcrumb":{"@id":"https:\/\/wilcoxlife.com\/aviso-legal\/#breadcrumb"},"inLanguage":"en-US","potentialAction":[{"@type":"ReadAction","target":["https:\/\/wilcoxlife.com\/aviso-legal\/"]}]},{"@type":"BreadcrumbList","@id":"https:\/\/wilcoxlife.com\/aviso-legal\/#breadcrumb","itemListElement":[{"@type":"ListItem","position":1,"name":"Portada","item":"https:\/\/wilcoxlife.com\/"},{"@type":"ListItem","position":2,"name":"Aviso Legal"}]},{"@type":"WebSite","@id":"https:\/\/wilcoxlife.com\/#website","url":"https:\/\/wilcoxlife.com\/","name":"Wilcoxlife","description":"","potentialAction":[{"@type":"SearchAction","target":{"@type":"EntryPoint","urlTemplate":"https:\/\/wilcoxlife.com\/?s={search_term_string}"},"query-input":{"@type":"PropertyValueSpecification","valueRequired":true,"valueName":"search_term_string"}}],"inLanguage":"en-US"}]}},"_links":{"self":[{"href":"https:\/\/wilcoxlife.com\/en\/wp-json\/wp\/v2\/pages\/503","targetHints":{"allow":["GET"]}}],"collection":[{"href":"https:\/\/wilcoxlife.com\/en\/wp-json\/wp\/v2\/pages"}],"about":[{"href":"https:\/\/wilcoxlife.com\/en\/wp-json\/wp\/v2\/types\/page"}],"author":[{"embeddable":true,"href":"https:\/\/wilcoxlife.com\/en\/wp-json\/wp\/v2\/users\/1"}],"replies":[{"embeddable":true,"href":"https:\/\/wilcoxlife.com\/en\/wp-json\/wp\/v2\/comments?post=503"}],"version-history":[{"count":16,"href":"https:\/\/wilcoxlife.com\/en\/wp-json\/wp\/v2\/pages\/503\/revisions"}],"predecessor-version":[{"id":1375,"href":"https:\/\/wilcoxlife.com\/en\/wp-json\/wp\/v2\/pages\/503\/revisions\/1375"}],"wp:attachment":[{"href":"https:\/\/wilcoxlife.com\/en\/wp-json\/wp\/v2\/media?parent=503"}],"curies":[{"name":"wp","href":"https:\/\/api.w.org\/{rel}","templated":true}]}}